{"id":77,"date":"2016-10-14T17:57:43","date_gmt":"2016-10-14T15:57:43","guid":{"rendered":"http:\/\/webshophulp.com\/home\/?page_id=77"},"modified":"2016-10-22T22:06:45","modified_gmt":"2016-10-22T20:06:45","slug":"versturen-via-dhl","status":"publish","type":"page","link":"http:\/\/webshophulp.com\/home\/versturen-via-dhl\/","title":{"rendered":"Versturen via DHL"},"content":{"rendered":"<h1>Webshop pakket versturen via DHL<\/h1>\n<p>Over verzenden met DHL Express<br \/>\nHeeft u nationale of internationale zendingen die v\u00f3\u00f3r een specifieke tijd of v\u00f3\u00f3r het einde van de eerst mogelijke werkdag moeten worden bezorgd? Maak dan gebruik van onze expresservices. We staan garant voor een snelle levering, compleet met o.a. pick-up, volledige tracering en douane in- en uitklaring. Bekijk op deze pagina onze tarieven, producten, en voordelen.<br \/>\n\u2022\tWereldwijd versturen met snelle bezorgtijd<br \/>\n\u2022\tLevering op eerstvolgende werkdag<br \/>\n\u2022\tUw zending snel en gemakkelijk online volgen<br \/>\n\u2022\tDeur tot deur aflevering<br \/>\n\u2022\tStandaard handtekening bij ontvangst<br \/>\n\u2022\tBetrouwbare aflevering, waar ook ter wereld!<br \/>\nVerzendadvies van expresdeskundigen<br \/>\nBij onze expresdiensten weet u altijd van tevoren waar u aan toe bent: er is volledige transparantie, van transportvoorschriften en mogelijke toeslagen tot en met het laatste servicenieuws en documentatie-ondersteuning.<br \/>\nWat is DHL Online Shipping?<br \/>\nDHL Online Shipping is de online verzendapplicatie om u te helpen bij het beheren van uw expreszendingen. Hier kunt u uw labels printen, een koerier boeken, adressen opslaan en beheren, zendingen volgen en nog veel meer.<br \/>\nAls snelheid en nauwkeurigheid vereist is, helpt DHL Online Shipping u uw zendingen te co\u00f6rdineren en waar mogelijk, het handmatige papierwerk uit handen te nemen. Deze oplossing is zeer geschikt voor kleine tot middelgrote bedrijven. DHL Online Shipping is eenvoudig te gebruiken en vereist geen speciale training.<br \/>\nKlantnummer is niet vereist. \u2013 ook als u geen DHL klantnummer heeft, kunt u uw creditcard gebruiken om te betalen, of u betaalt contant als u uw zending overhandigt in \u00e9\u00e9n van onze DHL vestigingen. Het kost weinig tijd om een zending te boeken, dus waarom wachten? Begin vandaag nog met het besparen van tijd en geld!<br \/>\nHoe kan DHL Online Shipping u helpen?<br \/>\n\u2022\tSnel en effici\u00ebnt uw verzendproces regelen<br \/>\n\u2022\tMaken en printen van vrachtbrieven<br \/>\n\u2022\tHulp bij het online boeken van koeriers<br \/>\n\u2022\tVoorkomen van handgeschreven fouten die vertragingen kunnen veroorzaken<br \/>\n\u2022\tMaken en printen van douaneformulieren bij internationale zendingen<br \/>\n\u2022\tVerzendgeschiedenis tot 90 dagen<br \/>\n\u2022\tUw adresboek beheren \u2013 snel en makkelijke toegang tot uw contacten<br \/>\n\u2022\tUw ontvangers op de hoogte stellen per e-mail<br \/>\nVoor prijzen en meer informatie over verzenden via DHL, kijk op de site van DHL.<br \/>\nBron: Website DHL<\/p>\n","protected":false},"excerpt":{"rendered":"<p>Webshop pakket versturen via DHL Over verzenden met DHL Express Heeft u nationale of internationale zendingen die v\u00f3\u00f3r een specifieke tijd of v\u00f3\u00f3r het einde van de eerst mogelijke werkdag moeten worden bezorgd? Maak dan gebruik van onze expresservices. We staan garant voor een snelle levering, compleet met o.a.<\/p>\n<footer class=\"post-footer\"><a href=\"http:\/\/webshophulp.com\/home\/versturen-via-dhl\/\" class=\"btn btn-color\">Read More<\/a><\/footer>\n","protected":false},"author":2,"featured_media":0,"parent":0,"menu_order":0,"comment_status":"closed","ping_status":"closed","template":"page-fullwidth.php","meta":[],"_links":{"self":[{"href":"http:\/\/webshophulp.com\/home\/wp-json\/wp\/v2\/pages\/77"}],"collection":[{"href":"http:\/\/webshophulp.com\/home\/wp-json\/wp\/v2\/pages"}],"about":[{"href":"http:\/\/webshophulp.com\/home\/wp-json\/wp\/v2\/types\/page"}],"author":[{"embeddable":true,"href":"http:\/\/webshophulp.com\/home\/wp-json\/wp\/v2\/users\/2"}],"replies":[{"embeddable":true,"href":"http:\/\/webshophulp.com\/home\/wp-json\/wp\/v2\/comments?post=77"}],"version-history":[{"count":1,"href":"http:\/\/webshophulp.com\/home\/wp-json\/wp\/v2\/pages\/77\/revisions"}],"predecessor-version":[{"id":78,"href":"http:\/\/webshophulp.com\/home\/wp-json\/wp\/v2\/pages\/77\/revisions\/78"}],"wp:attachment":[{"href":"http:\/\/webshophulp.com\/home\/wp-json\/wp\/v2\/media?parent=77"}],"curies":[{"name":"wp","href":"https:\/\/api.w.org\/{rel}","templated":true}]}}